{"id":22,"date":"2020-03-18T10:20:48","date_gmt":"2020-03-18T10:20:48","guid":{"rendered":"https:\/\/pelicula.qodeinteractive.com\/?page_id=22"},"modified":"2020-03-18T10:20:48","modified_gmt":"2020-03-18T10:20:48","slug":"headings","status":"publish","type":"page","link":"https:\/\/cielaf.cz\/cs\/headings\/","title":{"rendered":"Headings"},"content":{"rendered":"<div data-elementor-type=\"wp-page\" data-elementor-id=\"22\" class=\"elementor elementor-22\">\n\t\t\t\t\t\t<section class=\"elementor-section elementor-top-section elementor-element elementor-element-1b5fb48 elementor-section-boxed elementor-section-height-default elementor-section-height-default qodef-elementor-content-no\" data-id=\"1b5fb48\" data-element_type=\"section\" data-e-type=\"section\">\n\t\t\t\t\t\t<div class=\"elementor-container elementor-column-gap-default\">\n\t\t\t\t\t<div class=\"elementor-column elementor-col-100 elementor-top-column elementor-element elementor-element-dc46650\" data-id=\"dc46650\" data-element_type=\"column\" data-e-type=\"column\">\n\t\t\t<div class=\"elementor-widget-wrap elementor-element-populated\">\n\t\t\t\t\t\t<div class=\"elementor-element elementor-element-21c9a9c elementor-widget elementor-widget-text-editor\" data-id=\"21c9a9c\" data-element_type=\"widget\" data-e-type=\"widget\" data-widget_type=\"text-editor.default\">\n\t\t\t\t<div class=\"elementor-widget-container\">\n\t\t\t\t\t\t\t\t\t<h1>Lorem ipsum dolor sit amet, consectetur adipiscing elit, sed do eiusmod tempor<\/h1>\t\t\t\t\t\t\t\t<\/div>\n\t\t\t\t<\/div>\n\t\t\t\t\t<\/div>\n\t\t<\/div>\n\t\t\t\t\t<\/div>\n\t\t<\/section>\n\t\t\t\t<section class=\"elementor-section elementor-top-section elementor-element elementor-element-fb57ad2 elementor-section-boxed elementor-section-height-default elementor-section-height-default qodef-elementor-content-no\" data-id=\"fb57ad2\" data-element_type=\"section\" data-e-type=\"section\">\n\t\t\t\t\t\t<div class=\"elementor-container elementor-column-gap-default\">\n\t\t\t\t\t<div class=\"elementor-column elementor-col-100 elementor-top-column elementor-element elementor-element-eb483cb\" data-id=\"eb483cb\" data-element_type=\"column\" data-e-type=\"column\">\n\t\t\t<div class=\"elementor-widget-wrap elementor-element-populated\">\n\t\t\t\t\t\t<div class=\"elementor-element elementor-element-07388e2 elementor-widget elementor-widget-text-editor\" data-id=\"07388e2\" data-element_type=\"widget\" data-e-type=\"widget\" data-widget_type=\"text-editor.default\">\n\t\t\t\t<div class=\"elementor-widget-container\">\n\t\t\t\t\t\t\t\t\t<h2>Lorem ipsum dolor sit amet, consectetur adipiscing elit, sed do eiusmod tempor incididunt ut labore et dolore magna aliqua.\u00a0<\/h2>\t\t\t\t\t\t\t\t<\/div>\n\t\t\t\t<\/div>\n\t\t\t\t\t<\/div>\n\t\t<\/div>\n\t\t\t\t\t<\/div>\n\t\t<\/section>\n\t\t\t\t<section class=\"elementor-section elementor-top-section elementor-element elementor-element-887d60b elementor-section-boxed elementor-section-height-default elementor-section-height-default qodef-elementor-content-no\" data-id=\"887d60b\" data-element_type=\"section\" data-e-type=\"section\">\n\t\t\t\t\t\t<div class=\"elementor-container elementor-column-gap-default\">\n\t\t\t\t\t<div class=\"elementor-column elementor-col-100 elementor-top-column elementor-element elementor-element-986c258\" data-id=\"986c258\" data-element_type=\"column\" data-e-type=\"column\">\n\t\t\t<div class=\"elementor-widget-wrap elementor-element-populated\">\n\t\t\t\t\t\t<div class=\"elementor-element elementor-element-cbb2e1b elementor-widget elementor-widget-text-editor\" data-id=\"cbb2e1b\" data-element_type=\"widget\" data-e-type=\"widget\" data-widget_type=\"text-editor.default\">\n\t\t\t\t<div class=\"elementor-widget-container\">\n\t\t\t\t\t\t\t\t\t<h3>Lorem ipsum dolor sit amet, consectetur adipiscing elit, sed do eiusmod tempor incididunt ut labore et dolore magna aliqua.\u00a0<\/h3>\t\t\t\t\t\t\t\t<\/div>\n\t\t\t\t<\/div>\n\t\t\t\t\t<\/div>\n\t\t<\/div>\n\t\t\t\t\t<\/div>\n\t\t<\/section>\n\t\t\t\t<section class=\"elementor-section elementor-top-section elementor-element elementor-element-7ba86f5 elementor-section-boxed elementor-section-height-default elementor-section-height-default qodef-elementor-content-no\" data-id=\"7ba86f5\" data-element_type=\"section\" data-e-type=\"section\">\n\t\t\t\t\t\t<div class=\"elementor-container elementor-column-gap-default\">\n\t\t\t\t\t<div class=\"elementor-column elementor-col-100 elementor-top-column elementor-element elementor-element-97bc77e\" data-id=\"97bc77e\" data-element_type=\"column\" data-e-type=\"column\">\n\t\t\t<div class=\"elementor-widget-wrap elementor-element-populated\">\n\t\t\t\t\t\t<div class=\"elementor-element elementor-element-00464bd elementor-widget elementor-widget-text-editor\" data-id=\"00464bd\" data-element_type=\"widget\" data-e-type=\"widget\" data-widget_type=\"text-editor.default\">\n\t\t\t\t<div class=\"elementor-widget-container\">\n\t\t\t\t\t\t\t\t\t<h4>Lorem ipsum dolor sit amet, consectetur adipiscing elit, sed do eiusmod tempor incididunt ut labore et dolore magna aliqua.\u00a0<\/h4>\t\t\t\t\t\t\t\t<\/div>\n\t\t\t\t<\/div>\n\t\t\t\t\t<\/div>\n\t\t<\/div>\n\t\t\t\t\t<\/div>\n\t\t<\/section>\n\t\t\t\t<section class=\"elementor-section elementor-top-section elementor-element elementor-element-841bcd5 elementor-section-boxed elementor-section-height-default elementor-section-height-default qodef-elementor-content-no\" data-id=\"841bcd5\" data-element_type=\"section\" data-e-type=\"section\">\n\t\t\t\t\t\t<div class=\"elementor-container elementor-column-gap-default\">\n\t\t\t\t\t<div class=\"elementor-column elementor-col-100 elementor-top-column elementor-element elementor-element-7d695ba\" data-id=\"7d695ba\" data-element_type=\"column\" data-e-type=\"column\">\n\t\t\t<div class=\"elementor-widget-wrap elementor-element-populated\">\n\t\t\t\t\t\t<div class=\"elementor-element elementor-element-d9e1044 elementor-widget elementor-widget-text-editor\" data-id=\"d9e1044\" data-element_type=\"widget\" data-e-type=\"widget\" data-widget_type=\"text-editor.default\">\n\t\t\t\t<div class=\"elementor-widget-container\">\n\t\t\t\t\t\t\t\t\t<h5>Lorem ipsum dolor sit amet, consectetur adipiscing elit, sed do eiusmod tempor incididunt ut labore et dolore magna aliqua.\u00a0<\/h5>\t\t\t\t\t\t\t\t<\/div>\n\t\t\t\t<\/div>\n\t\t\t\t\t<\/div>\n\t\t<\/div>\n\t\t\t\t\t<\/div>\n\t\t<\/section>\n\t\t\t\t<section class=\"elementor-section elementor-top-section elementor-element elementor-element-b243b35 elementor-section-boxed elementor-section-height-default elementor-section-height-default qodef-elementor-content-no\" data-id=\"b243b35\" data-element_type=\"section\" data-e-type=\"section\">\n\t\t\t\t\t\t<div class=\"elementor-container elementor-column-gap-default\">\n\t\t\t\t\t<div class=\"elementor-column elementor-col-100 elementor-top-column elementor-element elementor-element-110142c\" data-id=\"110142c\" data-element_type=\"column\" data-e-type=\"column\">\n\t\t\t<div class=\"elementor-widget-wrap elementor-element-populated\">\n\t\t\t\t\t\t<div class=\"elementor-element elementor-element-afab761 elementor-widget elementor-widget-text-editor\" data-id=\"afab761\" data-element_type=\"widget\" data-e-type=\"widget\" data-widget_type=\"text-editor.default\">\n\t\t\t\t<div class=\"elementor-widget-container\">\n\t\t\t\t\t\t\t\t\t<h6>Lorem ipsum dolor sit amet, consectetur adipiscing elit, sed do eiusmod tempor incididunt ut labore et dolore magna aliqua.\u00a0<\/h6>\t\t\t\t\t\t\t\t<\/div>\n\t\t\t\t<\/div>\n\t\t\t\t\t<\/div>\n\t\t<\/div>\n\t\t\t\t\t<\/div>\n\t\t<\/section>\n\t\t\t\t<section class=\"elementor-section elementor-top-section elementor-element elementor-element-bae95d1 elementor-section-boxed elementor-section-height-default elementor-section-height-default qodef-elementor-content-no\" data-id=\"bae95d1\" data-element_type=\"section\" data-e-type=\"section\">\n\t\t\t\t\t\t<div class=\"elementor-container elementor-column-gap-default\">\n\t\t\t\t\t<div class=\"elementor-column elementor-col-100 elementor-top-column elementor-element elementor-element-5418738\" data-id=\"5418738\" data-element_type=\"column\" data-e-type=\"column\">\n\t\t\t<div class=\"elementor-widget-wrap elementor-element-populated\">\n\t\t\t\t\t\t<div class=\"elementor-element elementor-element-6181b91 elementor-widget elementor-widget-text-editor\" data-id=\"6181b91\" data-element_type=\"widget\" data-e-type=\"widget\" data-widget_type=\"text-editor.default\">\n\t\t\t\t<div class=\"elementor-widget-container\">\n\t\t\t\t\t\t\t\t\t<p>Lorem ipsum dolor sit amet, consectetur adipiscing elit, sed do eiusmod tempor incididunt ut labore et dolore magna aliqua. Est sit amet facilisis magna etiam tempor orci eu. Sed arcu non odio euismod lacinia at quis risus sed. Eget felis eget nunc lobortis mattis aliquam faucibus. Suspendisse faucibus interdum posuere lorem ipsum dolor sit. Tincidunt id aliquet risus feugiat in ante metus dictum at. Bibendum est ultricies integer quis auctor elit. Sagittis id consectetur purus ut faucibus pulvinar elementum integer enim. Nulla pellentesque dignissim enim sit amet venenatis urna. Lacus sed viverra tellus in. Tellus molestie nunc non blandit. Sed cras ornare arcu dui vivamus arcu. Velit laoreet id donec ultrices tincidunt arcu non. Aliquet enim tortor at auctor urna nunc id cursus. Morbi tincidunt ornare massa eget. Facilisis volutpat est velit egestas dui id ornare arcu. Enim ut sem viverra aliquet eget sit amet tellus.<\/p><p>Tellus rutrum tellus pellentesque eu tincidunt. Fringilla urna porttitor rhoncus dolor purus. Nisl tincidunt eget nullam non nisi est sit amet. Semper auctor neque vitae tempus quam pellentesque nec nam. Proin nibh nisl condimentum id venenatis a. Consequat id porta nibh venenatis cras sed felis. Ultricies tristique nulla aliquet enim tortor. Iaculis eu non diam phasellus. Sit amet facilisis magna etiam tempor orci eu. Lectus urna duis convallis convallis tellus id. Egestas fringilla phasellus faucibus scelerisque eleifend. Arcu non sodales neque sodales ut.<\/p>\t\t\t\t\t\t\t\t<\/div>\n\t\t\t\t<\/div>\n\t\t\t\t\t<\/div>\n\t\t<\/div>\n\t\t\t\t\t<\/div>\n\t\t<\/section>\n\t\t\t\t<\/div>","protected":false},"excerpt":{"rendered":"<p>Lorem ipsum dolor sit amet, consectetur adipiscing elit, sed do eiusmod tempor Lorem ipsum dolor sit amet, consectetur adipiscing elit, sed do eiusmod tempor incididunt ut labore et dolore magna aliqua.&nbsp; Lorem ipsum dolor sit amet, consectetur adipiscing elit, sed do eiusmod tempor incididunt ut labore et dolore magna aliqua.&nbsp; Lorem ipsum dolor sit amet, [&hellip;]<\/p>\n","protected":false},"author":1,"featured_media":0,"parent":0,"menu_order":0,"comment_status":"closed","ping_status":"closed","template":"","meta":{"footnotes":""},"class_list":["post-22","page","type-page","status-publish","hentry"],"yoast_head":"<!-- This site is optimized with the Yoast SEO Premium plugin v27.1.1 (Yoast SEO v27.1.1) - https:\/\/yoast.com\/product\/yoast-seo-premium-wordpress\/ -->\n<title>Headings - Cielaf<\/title>\n<meta name=\"robots\" content=\"index, follow, max-snippet:-1, max-image-preview:large, max-video-preview:-1\" \/>\n<link rel=\"canonical\" href=\"https:\/\/cielaf.cz\/cs\/headings\/\" \/>\n<meta property=\"og:locale\" content=\"cs_CZ\" \/>\n<meta property=\"og:type\" content=\"article\" \/>\n<meta property=\"og:title\" content=\"Headings - Cielaf\" \/>\n<meta property=\"og:description\" content=\"Lorem ipsum dolor sit amet, consectetur adipiscing elit, sed do eiusmod tempor Lorem ipsum dolor sit amet, consectetur adipiscing elit, sed do eiusmod tempor incididunt ut labore et dolore magna aliqua.&nbsp; Lorem ipsum dolor sit amet, consectetur adipiscing elit, sed do eiusmod tempor incididunt ut labore et dolore magna aliqua.&nbsp; Lorem ipsum dolor sit amet, [&hellip;]\" \/>\n<meta property=\"og:url\" content=\"https:\/\/cielaf.cz\/cs\/headings\/\" \/>\n<meta property=\"og:site_name\" content=\"Cielaf\" \/>\n<meta property=\"article:publisher\" content=\"https:\/\/www.facebook.com\/CierlickieLatoFilmowe\/\" \/>\n<meta name=\"twitter:card\" content=\"summary_large_image\" \/>\n<meta name=\"twitter:label1\" content=\"Odhadovan\u00e1 doba \u010dten\u00ed\" \/>\n\t<meta name=\"twitter:data1\" content=\"2 minuty\" \/>\n<script type=\"application\/ld+json\" class=\"yoast-schema-graph\">{\"@context\":\"https:\/\/schema.org\",\"@graph\":[{\"@type\":\"WebPage\",\"@id\":\"https:\/\/cielaf.cz\/headings\/\",\"url\":\"https:\/\/cielaf.cz\/headings\/\",\"name\":\"Headings - Cielaf\",\"isPartOf\":{\"@id\":\"https:\/\/cielaf.cz\/#website\"},\"datePublished\":\"2020-03-18T10:20:48+00:00\",\"breadcrumb\":{\"@id\":\"https:\/\/cielaf.cz\/headings\/#breadcrumb\"},\"inLanguage\":\"cs\",\"potentialAction\":[{\"@type\":\"ReadAction\",\"target\":[\"https:\/\/cielaf.cz\/headings\/\"]}]},{\"@type\":\"BreadcrumbList\",\"@id\":\"https:\/\/cielaf.cz\/headings\/#breadcrumb\",\"itemListElement\":[{\"@type\":\"ListItem\",\"position\":1,\"name\":\"Dom\u016f\",\"item\":\"https:\/\/cielaf.cz\/\"},{\"@type\":\"ListItem\",\"position\":2,\"name\":\"Headings\"}]},{\"@type\":\"WebSite\",\"@id\":\"https:\/\/cielaf.cz\/#website\",\"url\":\"https:\/\/cielaf.cz\/\",\"name\":\"Cielaf\",\"description\":\"Cierlickie lato filmowe 2026\",\"publisher\":{\"@id\":\"https:\/\/cielaf.cz\/#organization\"},\"potentialAction\":[{\"@type\":\"SearchAction\",\"target\":{\"@type\":\"EntryPoint\",\"urlTemplate\":\"https:\/\/cielaf.cz\/?s={search_term_string}\"},\"query-input\":{\"@type\":\"PropertyValueSpecification\",\"valueRequired\":true,\"valueName\":\"search_term_string\"}}],\"inLanguage\":\"cs\"},{\"@type\":\"Organization\",\"@id\":\"https:\/\/cielaf.cz\/#organization\",\"name\":\"Cielaf\",\"url\":\"https:\/\/cielaf.cz\/\",\"logo\":{\"@type\":\"ImageObject\",\"inLanguage\":\"cs\",\"@id\":\"https:\/\/cielaf.cz\/#\/schema\/logo\/image\/\",\"url\":\"https:\/\/cielaf.cz\/wp-content\/uploads\/2025\/08\/cielaf_logo_kolor-1-2.png\",\"contentUrl\":\"https:\/\/cielaf.cz\/wp-content\/uploads\/2025\/08\/cielaf_logo_kolor-1-2.png\",\"width\":178,\"height\":181,\"caption\":\"Cielaf\"},\"image\":{\"@id\":\"https:\/\/cielaf.cz\/#\/schema\/logo\/image\/\"},\"sameAs\":[\"https:\/\/www.facebook.com\/CierlickieLatoFilmowe\/\",\"https:\/\/www.instagram.com\/cielaffestival\/\"]}]}<\/script>\n<!-- \/ Yoast SEO Premium plugin. -->","yoast_head_json":{"title":"Headings - Cielaf","robots":{"index":"index","follow":"follow","max-snippet":"max-snippet:-1","max-image-preview":"max-image-preview:large","max-video-preview":"max-video-preview:-1"},"canonical":"https:\/\/cielaf.cz\/cs\/headings\/","og_locale":"cs_CZ","og_type":"article","og_title":"Headings - Cielaf","og_description":"Lorem ipsum dolor sit amet, consectetur adipiscing elit, sed do eiusmod tempor Lorem ipsum dolor sit amet, consectetur adipiscing elit, sed do eiusmod tempor incididunt ut labore et dolore magna aliqua.&nbsp; Lorem ipsum dolor sit amet, consectetur adipiscing elit, sed do eiusmod tempor incididunt ut labore et dolore magna aliqua.&nbsp; Lorem ipsum dolor sit amet, [&hellip;]","og_url":"https:\/\/cielaf.cz\/cs\/headings\/","og_site_name":"Cielaf","article_publisher":"https:\/\/www.facebook.com\/CierlickieLatoFilmowe\/","twitter_card":"summary_large_image","twitter_misc":{"Odhadovan\u00e1 doba \u010dten\u00ed":"2 minuty"},"schema":{"@context":"https:\/\/schema.org","@graph":[{"@type":"WebPage","@id":"https:\/\/cielaf.cz\/headings\/","url":"https:\/\/cielaf.cz\/headings\/","name":"Headings - Cielaf","isPartOf":{"@id":"https:\/\/cielaf.cz\/#website"},"datePublished":"2020-03-18T10:20:48+00:00","breadcrumb":{"@id":"https:\/\/cielaf.cz\/headings\/#breadcrumb"},"inLanguage":"cs","potentialAction":[{"@type":"ReadAction","target":["https:\/\/cielaf.cz\/headings\/"]}]},{"@type":"BreadcrumbList","@id":"https:\/\/cielaf.cz\/headings\/#breadcrumb","itemListElement":[{"@type":"ListItem","position":1,"name":"Dom\u016f","item":"https:\/\/cielaf.cz\/"},{"@type":"ListItem","position":2,"name":"Headings"}]},{"@type":"WebSite","@id":"https:\/\/cielaf.cz\/#website","url":"https:\/\/cielaf.cz\/","name":"Cielaf","description":"Cierlickie lato filmowe 2026","publisher":{"@id":"https:\/\/cielaf.cz\/#organization"},"potentialAction":[{"@type":"SearchAction","target":{"@type":"EntryPoint","urlTemplate":"https:\/\/cielaf.cz\/?s={search_term_string}"},"query-input":{"@type":"PropertyValueSpecification","valueRequired":true,"valueName":"search_term_string"}}],"inLanguage":"cs"},{"@type":"Organization","@id":"https:\/\/cielaf.cz\/#organization","name":"Cielaf","url":"https:\/\/cielaf.cz\/","logo":{"@type":"ImageObject","inLanguage":"cs","@id":"https:\/\/cielaf.cz\/#\/schema\/logo\/image\/","url":"https:\/\/cielaf.cz\/wp-content\/uploads\/2025\/08\/cielaf_logo_kolor-1-2.png","contentUrl":"https:\/\/cielaf.cz\/wp-content\/uploads\/2025\/08\/cielaf_logo_kolor-1-2.png","width":178,"height":181,"caption":"Cielaf"},"image":{"@id":"https:\/\/cielaf.cz\/#\/schema\/logo\/image\/"},"sameAs":["https:\/\/www.facebook.com\/CierlickieLatoFilmowe\/","https:\/\/www.instagram.com\/cielaffestival\/"]}]}},"_links":{"self":[{"href":"https:\/\/cielaf.cz\/cs\/wp-json\/wp\/v2\/pages\/22","targetHints":{"allow":["GET"]}}],"collection":[{"href":"https:\/\/cielaf.cz\/cs\/wp-json\/wp\/v2\/pages"}],"about":[{"href":"https:\/\/cielaf.cz\/cs\/wp-json\/wp\/v2\/types\/page"}],"author":[{"embeddable":true,"href":"https:\/\/cielaf.cz\/cs\/wp-json\/wp\/v2\/users\/1"}],"replies":[{"embeddable":true,"href":"https:\/\/cielaf.cz\/cs\/wp-json\/wp\/v2\/comments?post=22"}],"version-history":[{"count":0,"href":"https:\/\/cielaf.cz\/cs\/wp-json\/wp\/v2\/pages\/22\/revisions"}],"wp:attachment":[{"href":"https:\/\/cielaf.cz\/cs\/wp-json\/wp\/v2\/media?parent=22"}],"curies":[{"name":"wp","href":"https:\/\/api.w.org\/{rel}","templated":true}]}}